{"id":2,"date":"2024-10-07T22:51:04","date_gmt":"2024-10-07T22:51:04","guid":{"rendered":"https:\/\/obi-one.nc\/?page_id=2"},"modified":"2024-10-07T23:18:00","modified_gmt":"2024-10-07T23:18:00","slug":"page-accueil","status":"publish","type":"page","link":"https:\/\/obi-one.nc\/index.php\/page-accueil\/","title":{"rendered":"\u00c0 propos d&rsquo;Obi-One"},"content":{"rendered":"\n<p class=\"has-text-align-left\">La soci\u00e9t\u00e9 Obi-One a \u00e9t\u00e9 cr\u00e9\u00e9e en novembre 2015 par Benjamin Rabier, dans le but d&rsquo;optimiser la conduite des projets informatiques, de mettre en place des solutions sur mesure, et de d\u00e9mocratiser l&rsquo;utilisation du num\u00e9rique comme outil de d\u00e9veloppement professionnel.<\/p>\n\n\n\n<blockquote class=\"wp-block-quote is-layout-flow wp-block-quote-is-layout-flow\">\n<p><img loading=\"lazy\" decoding=\"async\" width=\"750\" height=\"531\" class=\"wp-image-11\" style=\"width: 750px;\" src=\"https:\/\/obi-one.nc\/wp-content\/uploads\/2024\/10\/page18image37146480.png\" alt=\"Cycle de vie d'un projet informatique classique\" srcset=\"https:\/\/obi-one.nc\/wp-content\/uploads\/2024\/10\/page18image37146480.png 654w, https:\/\/obi-one.nc\/wp-content\/uploads\/2024\/10\/page18image37146480-300x212.png 300w\" sizes=\"auto, (max-width: 750px) 100vw, 750px\" \/><br><br><\/p>\n<\/blockquote>\n\n\n\n<p>Nous nous positionnons en tant que partenaires de solutions informatiques innovantes dans de multiples domaines tels que :<\/p>\n\n\n\n<ul class=\"wp-block-list\">\n<li>Conception d\u2019application et d\u2019environnement applicatif<\/li>\n\n\n\n<li>Solution de vente en ligne<\/li>\n\n\n\n<li>Conception d&rsquo;application de gestion nouvelle g\u00e9n\u00e9ration avec support web<\/li>\n\n\n\n<li>Conception de site Internet participatif<\/li>\n\n\n\n<li>Conception de solution de gestion de productivit\u00e9<\/li>\n\n\n\n<li>Mise en place outil de gestion d&rsquo;entreprise et commerciale avanc\u00e9e<\/li>\n\n\n\n<li>Expression de besoin<\/li>\n\n\n\n<li>Sp\u00e9cifications fonctionnelles et techniques<\/li>\n\n\n\n<li>R\u00e9daction de cahier des charges<\/li>\n\n\n\n<li>aide \u00e0 la prise en main technique de solutions cryptographiques<\/li>\n<\/ul>\n\n\n\n<p><\/p>\n\n\n\n<blockquote class=\"wp-block-quote is-layout-flow wp-block-quote-is-layout-flow\">\n<p>\u00ab\u00a0<strong>Si vous n&rsquo;y croyez pas ou ne le comprenez pas, je n&rsquo;ai pas le temps d&rsquo;essayer de vous convaincre, d\u00e9sol\u00e9<\/strong>.\u00a0\u00bb<\/p>\n\n\n\n<p>Satoshi Nakamoto (Bitcoin)<\/p>\n\n\n\n<figure class=\"wp-block-image size-full\"><img loading=\"lazy\" decoding=\"async\" width=\"512\" height=\"296\" src=\"https:\/\/obi-one.nc\/wp-content\/uploads\/2024\/10\/btc.png\" alt=\"\" class=\"wp-image-15\" srcset=\"https:\/\/obi-one.nc\/wp-content\/uploads\/2024\/10\/btc.png 512w, https:\/\/obi-one.nc\/wp-content\/uploads\/2024\/10\/btc-300x173.png 300w\" sizes=\"auto, (max-width: 512px) 100vw, 512px\" \/><\/figure>\n<\/blockquote>\n\n\n\n<p>Issu de la culture Web et des solutions Open Source du monde du Logiciel Libre, l\u2019esprit d\u2019Obi-One se caract\u00e9rise par l\u2019innovation au service des fonctionnalit\u00e9s logicielles, et l\u2019int\u00e9gration des besoins humains comme base de r\u00e9flexion.<\/p>\n\n\n\n<figure class=\"wp-block-image size-large\"><img loading=\"lazy\" decoding=\"async\" width=\"867\" height=\"1024\" src=\"https:\/\/obi-one.nc\/wp-content\/uploads\/2024\/10\/logo-867x1024.png\" alt=\"\" class=\"wp-image-13\" srcset=\"https:\/\/obi-one.nc\/wp-content\/uploads\/2024\/10\/logo-867x1024.png 867w, https:\/\/obi-one.nc\/wp-content\/uploads\/2024\/10\/logo-254x300.png 254w, https:\/\/obi-one.nc\/wp-content\/uploads\/2024\/10\/logo-768x907.png 768w, https:\/\/obi-one.nc\/wp-content\/uploads\/2024\/10\/logo.png 1149w\" sizes=\"auto, (max-width: 867px) 100vw, 867px\" \/><\/figure>\n","protected":false},"excerpt":{"rendered":"<p>La soci\u00e9t\u00e9 Obi-One a \u00e9t\u00e9 cr\u00e9\u00e9e en novembre 2015 par Benjamin Rabier, dans le but d&rsquo;optimiser la conduite des projets informatiques, de mettre en place des solutions sur mesure, et de d\u00e9mocratiser l&rsquo;utilisation du num\u00e9rique comme outil de d\u00e9veloppement professionnel. Nous nous positionnons en tant que partenaires de solutions informatiques innovantes dans de multiples domaines [&hellip;]<\/p>\n","protected":false},"author":1,"featured_media":0,"parent":0,"menu_order":0,"comment_status":"closed","ping_status":"closed","template":"","meta":{"footnotes":""},"class_list":["post-2","page","type-page","status-publish","hentry"],"yoast_head":"<!-- This site is optimized with the Yoast SEO plugin v27.1.1 - https:\/\/yoast.com\/product\/yoast-seo-wordpress\/ -->\n<title>\u00c0 propos d&#039;Obi-One - Obi One NC - Repensez l&#039;informatique<\/title>\n<meta name=\"description\" content=\"Obi One NC est une soci\u00e9t\u00e9 de service informatique en Nouvelle Cal\u00e9donie. Accompagnement \u00e0 la num\u00e9risation, conception d&#039;applications, ERP et cryptographie.\" \/>\n<meta name=\"robots\" content=\"index, follow, max-snippet:-1, max-image-preview:large, max-video-preview:-1\" \/>\n<link rel=\"canonical\" href=\"https:\/\/obi-one.nc\/index.php\/page-accueil\/\" \/>\n<meta property=\"og:locale\" content=\"fr_FR\" \/>\n<meta property=\"og:type\" content=\"article\" \/>\n<meta property=\"og:title\" content=\"\u00c0 propos d&#039;Obi-One - Obi One NC - Repensez l&#039;informatique\" \/>\n<meta property=\"og:description\" content=\"Obi One NC est une soci\u00e9t\u00e9 de service informatique en Nouvelle Cal\u00e9donie. Accompagnement \u00e0 la num\u00e9risation, conception d&#039;applications, ERP et cryptographie.\" \/>\n<meta property=\"og:url\" content=\"https:\/\/obi-one.nc\/index.php\/page-accueil\/\" \/>\n<meta property=\"og:site_name\" content=\"Obi One NC - Repensez l&#039;informatique\" \/>\n<meta property=\"article:modified_time\" content=\"2024-10-07T23:18:00+00:00\" \/>\n<meta property=\"og:image\" content=\"https:\/\/obi-one.nc\/wp-content\/uploads\/2024\/10\/page18image37146480.png\" \/>\n<meta name=\"twitter:card\" content=\"summary_large_image\" \/>\n<meta name=\"twitter:label1\" content=\"Dur\u00e9e de lecture estim\u00e9e\" \/>\n\t<meta name=\"twitter:data1\" content=\"1 minute\" \/>\n<script type=\"application\/ld+json\" class=\"yoast-schema-graph\">{\"@context\":\"https:\/\/schema.org\",\"@graph\":[{\"@type\":\"WebPage\",\"@id\":\"https:\/\/obi-one.nc\/index.php\/page-accueil\/\",\"url\":\"https:\/\/obi-one.nc\/index.php\/page-accueil\/\",\"name\":\"\u00c0 propos d'Obi-One - Obi One NC - Repensez l&#039;informatique\",\"isPartOf\":{\"@id\":\"https:\/\/obi-one.nc\/#website\"},\"primaryImageOfPage\":{\"@id\":\"https:\/\/obi-one.nc\/index.php\/page-accueil\/#primaryimage\"},\"image\":{\"@id\":\"https:\/\/obi-one.nc\/index.php\/page-accueil\/#primaryimage\"},\"thumbnailUrl\":\"https:\/\/obi-one.nc\/wp-content\/uploads\/2024\/10\/page18image37146480.png\",\"datePublished\":\"2024-10-07T22:51:04+00:00\",\"dateModified\":\"2024-10-07T23:18:00+00:00\",\"description\":\"Obi One NC est une soci\u00e9t\u00e9 de service informatique en Nouvelle Cal\u00e9donie. Accompagnement \u00e0 la num\u00e9risation, conception d'applications, ERP et cryptographie.\",\"breadcrumb\":{\"@id\":\"https:\/\/obi-one.nc\/index.php\/page-accueil\/#breadcrumb\"},\"inLanguage\":\"fr-FR\",\"potentialAction\":[{\"@type\":\"ReadAction\",\"target\":[\"https:\/\/obi-one.nc\/index.php\/page-accueil\/\"]}]},{\"@type\":\"ImageObject\",\"inLanguage\":\"fr-FR\",\"@id\":\"https:\/\/obi-one.nc\/index.php\/page-accueil\/#primaryimage\",\"url\":\"https:\/\/obi-one.nc\/wp-content\/uploads\/2024\/10\/page18image37146480.png\",\"contentUrl\":\"https:\/\/obi-one.nc\/wp-content\/uploads\/2024\/10\/page18image37146480.png\",\"width\":654,\"height\":463,\"caption\":\"Cycle de vie d'un projet informatique classique\"},{\"@type\":\"BreadcrumbList\",\"@id\":\"https:\/\/obi-one.nc\/index.php\/page-accueil\/#breadcrumb\",\"itemListElement\":[{\"@type\":\"ListItem\",\"position\":1,\"name\":\"Accueil\",\"item\":\"https:\/\/obi-one.nc\/\"},{\"@type\":\"ListItem\",\"position\":2,\"name\":\"\u00c0 propos d&rsquo;Obi-One\"}]},{\"@type\":\"WebSite\",\"@id\":\"https:\/\/obi-one.nc\/#website\",\"url\":\"https:\/\/obi-one.nc\/\",\"name\":\"Obi One NC - Repensez l&#039;informatique\",\"description\":\"\",\"publisher\":{\"@id\":\"https:\/\/obi-one.nc\/#organization\"},\"potentialAction\":[{\"@type\":\"SearchAction\",\"target\":{\"@type\":\"EntryPoint\",\"urlTemplate\":\"https:\/\/obi-one.nc\/?s={search_term_string}\"},\"query-input\":{\"@type\":\"PropertyValueSpecification\",\"valueRequired\":true,\"valueName\":\"search_term_string\"}}],\"inLanguage\":\"fr-FR\"},{\"@type\":\"Organization\",\"@id\":\"https:\/\/obi-one.nc\/#organization\",\"name\":\"Obi One NC - Repensez l&#039;informatique\",\"url\":\"https:\/\/obi-one.nc\/\",\"logo\":{\"@type\":\"ImageObject\",\"inLanguage\":\"fr-FR\",\"@id\":\"https:\/\/obi-one.nc\/#\/schema\/logo\/image\/\",\"url\":\"https:\/\/obi-one.nc\/wp-content\/uploads\/2024\/10\/logo.png\",\"contentUrl\":\"https:\/\/obi-one.nc\/wp-content\/uploads\/2024\/10\/logo.png\",\"width\":1149,\"height\":1357,\"caption\":\"Obi One NC - Repensez l&#039;informatique\"},\"image\":{\"@id\":\"https:\/\/obi-one.nc\/#\/schema\/logo\/image\/\"}}]}<\/script>\n<!-- \/ Yoast SEO plugin. -->","yoast_head_json":{"title":"\u00c0 propos d'Obi-One - Obi One NC - Repensez l&#039;informatique","description":"Obi One NC est une soci\u00e9t\u00e9 de service informatique en Nouvelle Cal\u00e9donie. Accompagnement \u00e0 la num\u00e9risation, conception d'applications, ERP et cryptographie.","robots":{"index":"index","follow":"follow","max-snippet":"max-snippet:-1","max-image-preview":"max-image-preview:large","max-video-preview":"max-video-preview:-1"},"canonical":"https:\/\/obi-one.nc\/index.php\/page-accueil\/","og_locale":"fr_FR","og_type":"article","og_title":"\u00c0 propos d'Obi-One - Obi One NC - Repensez l&#039;informatique","og_description":"Obi One NC est une soci\u00e9t\u00e9 de service informatique en Nouvelle Cal\u00e9donie. Accompagnement \u00e0 la num\u00e9risation, conception d'applications, ERP et cryptographie.","og_url":"https:\/\/obi-one.nc\/index.php\/page-accueil\/","og_site_name":"Obi One NC - Repensez l&#039;informatique","article_modified_time":"2024-10-07T23:18:00+00:00","og_image":[{"url":"https:\/\/obi-one.nc\/wp-content\/uploads\/2024\/10\/page18image37146480.png","type":"","width":"","height":""}],"twitter_card":"summary_large_image","twitter_misc":{"Dur\u00e9e de lecture estim\u00e9e":"1 minute"},"schema":{"@context":"https:\/\/schema.org","@graph":[{"@type":"WebPage","@id":"https:\/\/obi-one.nc\/index.php\/page-accueil\/","url":"https:\/\/obi-one.nc\/index.php\/page-accueil\/","name":"\u00c0 propos d'Obi-One - Obi One NC - Repensez l&#039;informatique","isPartOf":{"@id":"https:\/\/obi-one.nc\/#website"},"primaryImageOfPage":{"@id":"https:\/\/obi-one.nc\/index.php\/page-accueil\/#primaryimage"},"image":{"@id":"https:\/\/obi-one.nc\/index.php\/page-accueil\/#primaryimage"},"thumbnailUrl":"https:\/\/obi-one.nc\/wp-content\/uploads\/2024\/10\/page18image37146480.png","datePublished":"2024-10-07T22:51:04+00:00","dateModified":"2024-10-07T23:18:00+00:00","description":"Obi One NC est une soci\u00e9t\u00e9 de service informatique en Nouvelle Cal\u00e9donie. Accompagnement \u00e0 la num\u00e9risation, conception d'applications, ERP et cryptographie.","breadcrumb":{"@id":"https:\/\/obi-one.nc\/index.php\/page-accueil\/#breadcrumb"},"inLanguage":"fr-FR","potentialAction":[{"@type":"ReadAction","target":["https:\/\/obi-one.nc\/index.php\/page-accueil\/"]}]},{"@type":"ImageObject","inLanguage":"fr-FR","@id":"https:\/\/obi-one.nc\/index.php\/page-accueil\/#primaryimage","url":"https:\/\/obi-one.nc\/wp-content\/uploads\/2024\/10\/page18image37146480.png","contentUrl":"https:\/\/obi-one.nc\/wp-content\/uploads\/2024\/10\/page18image37146480.png","width":654,"height":463,"caption":"Cycle de vie d'un projet informatique classique"},{"@type":"BreadcrumbList","@id":"https:\/\/obi-one.nc\/index.php\/page-accueil\/#breadcrumb","itemListElement":[{"@type":"ListItem","position":1,"name":"Accueil","item":"https:\/\/obi-one.nc\/"},{"@type":"ListItem","position":2,"name":"\u00c0 propos d&rsquo;Obi-One"}]},{"@type":"WebSite","@id":"https:\/\/obi-one.nc\/#website","url":"https:\/\/obi-one.nc\/","name":"Obi One NC - Repensez l&#039;informatique","description":"","publisher":{"@id":"https:\/\/obi-one.nc\/#organization"},"potentialAction":[{"@type":"SearchAction","target":{"@type":"EntryPoint","urlTemplate":"https:\/\/obi-one.nc\/?s={search_term_string}"},"query-input":{"@type":"PropertyValueSpecification","valueRequired":true,"valueName":"search_term_string"}}],"inLanguage":"fr-FR"},{"@type":"Organization","@id":"https:\/\/obi-one.nc\/#organization","name":"Obi One NC - Repensez l&#039;informatique","url":"https:\/\/obi-one.nc\/","logo":{"@type":"ImageObject","inLanguage":"fr-FR","@id":"https:\/\/obi-one.nc\/#\/schema\/logo\/image\/","url":"https:\/\/obi-one.nc\/wp-content\/uploads\/2024\/10\/logo.png","contentUrl":"https:\/\/obi-one.nc\/wp-content\/uploads\/2024\/10\/logo.png","width":1149,"height":1357,"caption":"Obi One NC - Repensez l&#039;informatique"},"image":{"@id":"https:\/\/obi-one.nc\/#\/schema\/logo\/image\/"}}]}},"_links":{"self":[{"href":"https:\/\/obi-one.nc\/index.php\/wp-json\/wp\/v2\/pages\/2","targetHints":{"allow":["GET"]}}],"collection":[{"href":"https:\/\/obi-one.nc\/index.php\/wp-json\/wp\/v2\/pages"}],"about":[{"href":"https:\/\/obi-one.nc\/index.php\/wp-json\/wp\/v2\/types\/page"}],"author":[{"embeddable":true,"href":"https:\/\/obi-one.nc\/index.php\/wp-json\/wp\/v2\/users\/1"}],"replies":[{"embeddable":true,"href":"https:\/\/obi-one.nc\/index.php\/wp-json\/wp\/v2\/comments?post=2"}],"version-history":[{"count":3,"href":"https:\/\/obi-one.nc\/index.php\/wp-json\/wp\/v2\/pages\/2\/revisions"}],"predecessor-version":[{"id":16,"href":"https:\/\/obi-one.nc\/index.php\/wp-json\/wp\/v2\/pages\/2\/revisions\/16"}],"wp:attachment":[{"href":"https:\/\/obi-one.nc\/index.php\/wp-json\/wp\/v2\/media?parent=2"}],"curies":[{"name":"wp","href":"https:\/\/api.w.org\/{rel}","templated":true}]}}